{"id":1906,"date":"2024-12-06T19:21:17","date_gmt":"2024-12-06T19:21:17","guid":{"rendered":"https:\/\/businessconfig.com\/?page_id=1906"},"modified":"2026-03-26T11:56:25","modified_gmt":"2026-03-26T11:56:25","slug":"blog","status":"publish","type":"page","link":"https:\/\/businessconfig.com\/pt\/blog\/","title":{"rendered":"Blogue"},"content":{"rendered":"<p>[et_pb_section fb_built=&#8221;1&#8243; _builder_version=&#8221;4.27.5&#8243; _module_preset=&#8221;default&#8221; custom_padding=&#8221;||||false|false&#8221; global_colors_info=&#8221;{}&#8221;][et_pb_row _builder_version=&#8221;4.27.4&#8243; _module_preset=&#8221;default&#8221; custom_padding=&#8221;||0px||false|false&#8221; global_colors_info=&#8221;{}&#8221;][et_pb_column type=&#8221;4_4&#8243; _builder_version=&#8221;4.27.4&#8243; _module_preset=&#8221;default&#8221; global_colors_info=&#8221;{}&#8221;][et_pb_blog posts_number=&#8221;1&#8243; show_author=&#8221;off&#8221; show_date=&#8221;off&#8221; show_pagination=&#8221;off&#8221; module_class=&#8221;pa-blog-list&#8221; _builder_version=&#8221;4.27.6&#8243; _module_preset=&#8221;default&#8221; header_level=&#8221;h1&#8243; header_font=&#8221;&#8211;et_global_heading_font||||||||&#8221; header_text_color=&#8221;#343434&#8243; header_font_size=&#8221;40px&#8221; header_line_height=&#8221;1.2em&#8221; body_font=&#8221;&#8211;et_global_body_font|300|||||||&#8221; body_text_color=&#8221;#343434&#8243; body_line_height=&#8221;24px&#8221; meta_line_height=&#8221;24px&#8221; hover_enabled=&#8221;0&#8243; header_font_size_tablet=&#8221;40px&#8221; header_font_size_phone=&#8221;25px&#8221; header_font_size_last_edited=&#8221;on|phone&#8221; custom_css_post_meta=&#8221;margin-left: -5px&#8221; border_radii_image=&#8221;on|16px|16px|16px|16px&#8221; global_colors_info=&#8221;{}&#8221; custom_css_content_last_edited=&#8221;on|desktop&#8221; custom_css_content_tablet=&#8221;width: 100%;||margin-left: -25px;&#8221; custom_css_content_phone=&#8221;margin-left: 0px;&#8221; custom_css_post_meta_last_edited=&#8221;on|phone&#8221; custom_css_post_meta_tablet=&#8221;margin-left: -5px&#8221; custom_css_post_meta_phone=&#8221;margin-left: -5px&#8221; sticky_enabled=&#8221;0&#8243;][\/et_pb_blog][\/et_pb_column][\/et_pb_row][et_pb_row use_custom_gutter=&#8221;on&#8221; gutter_width=&#8221;2&#8243; _builder_version=&#8221;4.27.4&#8243; _module_preset=&#8221;default&#8221; custom_padding=&#8221;||0px||false|false&#8221; global_colors_info=&#8221;{}&#8221;][et_pb_column type=&#8221;4_4&#8243; _builder_version=&#8221;4.27.4&#8243; _module_preset=&#8221;default&#8221; global_colors_info=&#8221;{}&#8221;][et_pb_blog fullwidth=&#8221;off&#8221; posts_number=&#8221;3&#8243; excerpt_length=&#8221;200&#8243; show_author=&#8221;off&#8221; show_date=&#8221;off&#8221; offset_number=&#8221;1&#8243; disabled_on=&#8221;off|on|off&#8221; module_class=&#8221;pa-blog-equal-height blog&#8221; _builder_version=&#8221;4.27.6&#8243; _module_preset=&#8221;default&#8221; header_level=&#8221;h3&#8243; header_font=&#8221;||||||||&#8221; header_text_color=&#8221;#343434&#8243; header_font_size=&#8221;18px&#8221; header_line_height=&#8221;1.2em&#8221; body_font=&#8221;&#8211;et_global_body_font|300|||||||&#8221; body_text_color=&#8221;#343434&#8243; body_line_height=&#8221;24px&#8221; meta_line_height=&#8221;24px&#8221; pagination_font=&#8221;&#8211;et_global_heading_font||||||||&#8221; hover_enabled=&#8221;0&#8243; custom_css_content=&#8221;padding-bottom: 20px;&#8221; custom_css_post_meta=&#8221;margin-left: -5px;&#8221; border_radii=&#8221;on|16px|16px|16px|16px&#8221; border_color_all=&#8221;#0807FF&#8221; border_radii_image=&#8221;off|16px|16px||&#8221; global_colors_info=&#8221;{}&#8221; custom_css_post_meta_last_edited=&#8221;on|phone&#8221; custom_css_post_meta_phone=&#8221;margin-left: -5px;&#8221; custom_css_post_meta_tablet=&#8221;margin-left: -5px;&#8221; sticky_enabled=&#8221;0&#8243;][\/et_pb_blog][et_pb_blog fullwidth=&#8221;off&#8221; posts_number=&#8221;2&#8243; excerpt_length=&#8221;200&#8243; show_author=&#8221;off&#8221; show_date=&#8221;off&#8221; disabled_on=&#8221;on|off|on&#8221; module_class=&#8221;pa-blog-equal-height blog&#8221; _builder_version=&#8221;4.27.6&#8243; _module_preset=&#8221;default&#8221; header_level=&#8221;h3&#8243; header_font=&#8221;||||||||&#8221; header_text_color=&#8221;#343434&#8243; header_font_size=&#8221;18px&#8221; header_line_height=&#8221;1.2em&#8221; body_font=&#8221;&#8211;et_global_body_font|300|||||||&#8221; body_text_color=&#8221;#343434&#8243; body_line_height=&#8221;24px&#8221; meta_line_height=&#8221;24px&#8221; pagination_font=&#8221;&#8211;et_global_heading_font||||||||&#8221; custom_css_content=&#8221;padding-bottom: 20px;&#8221; custom_css_post_meta=&#8221;margin-left: -5px;&#8221; border_radii=&#8221;on|16px|16px|16px|16px&#8221; border_color_all=&#8221;#0807FF&#8221; border_radii_image=&#8221;off|16px|16px||&#8221; global_colors_info=&#8221;{}&#8221;][\/et_pb_blog][\/et_pb_column][\/et_pb_row][\/et_pb_section]<\/p>\n","protected":false},"excerpt":{"rendered":"","protected":false},"author":1,"featured_media":4524,"parent":0,"menu_order":0,"comment_status":"closed","ping_status":"closed","template":"","meta":{"_acf_changed":false,"_et_pb_use_builder":"on","_et_pb_old_content":"","_et_gb_content_width":"","footnotes":""},"class_list":["post-1906","page","type-page","status-publish","has-post-thumbnail","hentry"],"acf":[],"yoast_head":"<!-- This site is optimized with the Yoast SEO plugin v27.2 - https:\/\/yoast.com\/product\/yoast-seo-wordpress\/ -->\n<title>Blog - business\u2022config | innovation for digital transformation<\/title>\n<meta name=\"description\" content=\"Stay ahead with our Digital Transformation Insights and Trends. Explore expert articles on UX, AI automation, and business strategy at Business Config. Read more!\" \/>\n<meta name=\"robots\" content=\"index, follow, max-snippet:-1, max-image-preview:large, max-video-preview:-1\" \/>\n<link rel=\"canonical\" href=\"https:\/\/businessconfig.com\/pt\/blog\/\" \/>\n<meta property=\"og:locale\" content=\"pt_PT\" \/>\n<meta property=\"og:type\" content=\"article\" \/>\n<meta property=\"og:title\" content=\"Blog - business\u2022config | innovation for digital transformation\" \/>\n<meta property=\"og:description\" content=\"Stay ahead with our Digital Transformation Insights and Trends. Explore expert articles on UX, AI automation, and business strategy at Business Config. Read more!\" \/>\n<meta property=\"og:url\" content=\"https:\/\/businessconfig.com\/pt\/blog\/\" \/>\n<meta property=\"og:site_name\" content=\"business\u2022config | innovation for digital transformation\" \/>\n<meta property=\"article:publisher\" content=\"https:\/\/www.facebook.com\/businessconfig\" \/>\n<meta property=\"article:modified_time\" content=\"2026-03-26T11:56:25+00:00\" \/>\n<meta name=\"twitter:card\" content=\"summary_large_image\" \/>\n<meta name=\"twitter:site\" content=\"@businessconfig\" \/>\n<meta name=\"twitter:label1\" content=\"Tempo estimado de leitura\" \/>\n\t<meta name=\"twitter:data1\" content=\"3 minutos\" \/>\n<script type=\"application\/ld+json\" class=\"yoast-schema-graph\">{\"@context\":\"https:\/\/schema.org\",\"@graph\":[{\"@type\":\"WebPage\",\"@id\":\"https:\/\/businessconfig.com\/blog\/\",\"url\":\"https:\/\/businessconfig.com\/blog\/\",\"name\":\"Blog - business\u2022config | innovation for digital transformation\",\"isPartOf\":{\"@id\":\"https:\/\/businessconfig.com\/#website\"},\"primaryImageOfPage\":{\"@id\":\"https:\/\/businessconfig.com\/blog\/#primaryimage\"},\"image\":{\"@id\":\"https:\/\/businessconfig.com\/blog\/#primaryimage\"},\"thumbnailUrl\":\"https:\/\/businessconfig.com\/wp-content\/uploads\/2026\/02\/bc-logo-2026.svg\",\"datePublished\":\"2024-12-06T19:21:17+00:00\",\"dateModified\":\"2026-03-26T11:56:25+00:00\",\"description\":\"Stay ahead with our Digital Transformation Insights and Trends. Explore expert articles on UX, AI automation, and business strategy at Business Config. Read more!\",\"breadcrumb\":{\"@id\":\"https:\/\/businessconfig.com\/blog\/#breadcrumb\"},\"inLanguage\":\"pt-PT\",\"potentialAction\":[{\"@type\":\"ReadAction\",\"target\":[\"https:\/\/businessconfig.com\/blog\/\"]}]},{\"@type\":\"ImageObject\",\"inLanguage\":\"pt-PT\",\"@id\":\"https:\/\/businessconfig.com\/blog\/#primaryimage\",\"url\":\"https:\/\/businessconfig.com\/wp-content\/uploads\/2026\/02\/bc-logo-2026.svg\",\"contentUrl\":\"https:\/\/businessconfig.com\/wp-content\/uploads\/2026\/02\/bc-logo-2026.svg\"},{\"@type\":\"BreadcrumbList\",\"@id\":\"https:\/\/businessconfig.com\/blog\/#breadcrumb\",\"itemListElement\":[{\"@type\":\"ListItem\",\"position\":1,\"name\":\"Home\",\"item\":\"https:\/\/businessconfig.com\/\"},{\"@type\":\"ListItem\",\"position\":2,\"name\":\"Blog\"}]},{\"@type\":\"WebSite\",\"@id\":\"https:\/\/businessconfig.com\/#website\",\"url\":\"https:\/\/businessconfig.com\/\",\"name\":\"business\u2022config | innovation for digital transformation\",\"description\":\"\",\"publisher\":{\"@id\":\"https:\/\/businessconfig.com\/#organization\"},\"potentialAction\":[{\"@type\":\"SearchAction\",\"target\":{\"@type\":\"EntryPoint\",\"urlTemplate\":\"https:\/\/businessconfig.com\/?s={search_term_string}\"},\"query-input\":{\"@type\":\"PropertyValueSpecification\",\"valueRequired\":true,\"valueName\":\"search_term_string\"}}],\"inLanguage\":\"pt-PT\"},{\"@type\":\"Organization\",\"@id\":\"https:\/\/businessconfig.com\/#organization\",\"name\":\"business\u2022config | innovation for digital transformation\",\"alternateName\":\"business\u2022config\",\"url\":\"https:\/\/businessconfig.com\/\",\"logo\":{\"@type\":\"ImageObject\",\"inLanguage\":\"pt-PT\",\"@id\":\"https:\/\/businessconfig.com\/#\/schema\/logo\/image\/\",\"url\":\"https:\/\/businessconfig.com\/wp-content\/uploads\/2026\/02\/bc-logo-2026.svg\",\"contentUrl\":\"https:\/\/businessconfig.com\/wp-content\/uploads\/2026\/02\/bc-logo-2026.svg\",\"width\":1,\"height\":1,\"caption\":\"business\u2022config | innovation for digital transformation\"},\"image\":{\"@id\":\"https:\/\/businessconfig.com\/#\/schema\/logo\/image\/\"},\"sameAs\":[\"https:\/\/www.facebook.com\/businessconfig\",\"https:\/\/x.com\/businessconfig\",\"https:\/\/www.instagram.com\/businessconfig\"]}]}<\/script>\n<!-- \/ Yoast SEO plugin. -->","yoast_head_json":{"title":"Blogue - business-config | inova\u00e7\u00e3o para a transforma\u00e7\u00e3o digital","description":"Stay ahead with our Digital Transformation Insights and Trends. Explore expert articles on UX, AI automation, and business strategy at Business Config. Read more!","robots":{"index":"index","follow":"follow","max-snippet":"max-snippet:-1","max-image-preview":"max-image-preview:large","max-video-preview":"max-video-preview:-1"},"canonical":"https:\/\/businessconfig.com\/pt\/blog\/","og_locale":"pt_PT","og_type":"article","og_title":"Blog - business\u2022config | innovation for digital transformation","og_description":"Stay ahead with our Digital Transformation Insights and Trends. Explore expert articles on UX, AI automation, and business strategy at Business Config. Read more!","og_url":"https:\/\/businessconfig.com\/pt\/blog\/","og_site_name":"business\u2022config | innovation for digital transformation","article_publisher":"https:\/\/www.facebook.com\/businessconfig","article_modified_time":"2026-03-26T11:56:25+00:00","twitter_card":"summary_large_image","twitter_site":"@businessconfig","twitter_misc":{"Tempo estimado de leitura":"3 minutos"},"schema":{"@context":"https:\/\/schema.org","@graph":[{"@type":"WebPage","@id":"https:\/\/businessconfig.com\/blog\/","url":"https:\/\/businessconfig.com\/blog\/","name":"Blogue - business-config | inova\u00e7\u00e3o para a transforma\u00e7\u00e3o digital","isPartOf":{"@id":"https:\/\/businessconfig.com\/#website"},"primaryImageOfPage":{"@id":"https:\/\/businessconfig.com\/blog\/#primaryimage"},"image":{"@id":"https:\/\/businessconfig.com\/blog\/#primaryimage"},"thumbnailUrl":"https:\/\/businessconfig.com\/wp-content\/uploads\/2026\/02\/bc-logo-2026.svg","datePublished":"2024-12-06T19:21:17+00:00","dateModified":"2026-03-26T11:56:25+00:00","description":"Stay ahead with our Digital Transformation Insights and Trends. Explore expert articles on UX, AI automation, and business strategy at Business Config. Read more!","breadcrumb":{"@id":"https:\/\/businessconfig.com\/blog\/#breadcrumb"},"inLanguage":"pt-PT","potentialAction":[{"@type":"ReadAction","target":["https:\/\/businessconfig.com\/blog\/"]}]},{"@type":"ImageObject","inLanguage":"pt-PT","@id":"https:\/\/businessconfig.com\/blog\/#primaryimage","url":"https:\/\/businessconfig.com\/wp-content\/uploads\/2026\/02\/bc-logo-2026.svg","contentUrl":"https:\/\/businessconfig.com\/wp-content\/uploads\/2026\/02\/bc-logo-2026.svg"},{"@type":"BreadcrumbList","@id":"https:\/\/businessconfig.com\/blog\/#breadcrumb","itemListElement":[{"@type":"ListItem","position":1,"name":"Home","item":"https:\/\/businessconfig.com\/"},{"@type":"ListItem","position":2,"name":"Blog"}]},{"@type":"WebSite","@id":"https:\/\/businessconfig.com\/#website","url":"https:\/\/businessconfig.com\/","name":"business-config | inova\u00e7\u00e3o para a transforma\u00e7\u00e3o digital","description":"","publisher":{"@id":"https:\/\/businessconfig.com\/#organization"},"potentialAction":[{"@type":"SearchAction","target":{"@type":"EntryPoint","urlTemplate":"https:\/\/businessconfig.com\/?s={search_term_string}"},"query-input":{"@type":"PropertyValueSpecification","valueRequired":true,"valueName":"search_term_string"}}],"inLanguage":"pt-PT"},{"@type":"Organization","@id":"https:\/\/businessconfig.com\/#organization","name":"business-config | inova\u00e7\u00e3o para a transforma\u00e7\u00e3o digital","alternateName":"business\u2022config","url":"https:\/\/businessconfig.com\/","logo":{"@type":"ImageObject","inLanguage":"pt-PT","@id":"https:\/\/businessconfig.com\/#\/schema\/logo\/image\/","url":"https:\/\/businessconfig.com\/wp-content\/uploads\/2026\/02\/bc-logo-2026.svg","contentUrl":"https:\/\/businessconfig.com\/wp-content\/uploads\/2026\/02\/bc-logo-2026.svg","width":1,"height":1,"caption":"business\u2022config | innovation for digital transformation"},"image":{"@id":"https:\/\/businessconfig.com\/#\/schema\/logo\/image\/"},"sameAs":["https:\/\/www.facebook.com\/businessconfig","https:\/\/x.com\/businessconfig","https:\/\/www.instagram.com\/businessconfig"]}]}},"_links":{"self":[{"href":"https:\/\/businessconfig.com\/pt\/wp-json\/wp\/v2\/pages\/1906","targetHints":{"allow":["GET"]}}],"collection":[{"href":"https:\/\/businessconfig.com\/pt\/wp-json\/wp\/v2\/pages"}],"about":[{"href":"https:\/\/businessconfig.com\/pt\/wp-json\/wp\/v2\/types\/page"}],"author":[{"embeddable":true,"href":"https:\/\/businessconfig.com\/pt\/wp-json\/wp\/v2\/users\/1"}],"replies":[{"embeddable":true,"href":"https:\/\/businessconfig.com\/pt\/wp-json\/wp\/v2\/comments?post=1906"}],"version-history":[{"count":59,"href":"https:\/\/businessconfig.com\/pt\/wp-json\/wp\/v2\/pages\/1906\/revisions"}],"predecessor-version":[{"id":5810,"href":"https:\/\/businessconfig.com\/pt\/wp-json\/wp\/v2\/pages\/1906\/revisions\/5810"}],"wp:featuredmedia":[{"embeddable":true,"href":"https:\/\/businessconfig.com\/pt\/wp-json\/wp\/v2\/media\/4524"}],"wp:attachment":[{"href":"https:\/\/businessconfig.com\/pt\/wp-json\/wp\/v2\/media?parent=1906"}],"curies":[{"name":"wp","href":"https:\/\/api.w.org\/{rel}","templated":true}]}}