{"id":4334,"date":"2026-02-02T23:54:03","date_gmt":"2026-02-02T23:54:03","guid":{"rendered":"https:\/\/businessconfig.com\/?page_id=4334"},"modified":"2026-03-19T10:40:45","modified_gmt":"2026-03-19T10:40:45","slug":"cookies-policy","status":"publish","type":"page","link":"https:\/\/businessconfig.com\/es\/cookies-policy\/","title":{"rendered":"Pol\u00edtica de cookies"},"content":{"rendered":"<p>[et_pb_section fb_built=&#8221;1&#8243; admin_label=&#8221;section&#8221; _builder_version=&#8221;4.16&#8243; global_colors_info=&#8221;{}&#8221;][et_pb_row _builder_version=&#8221;4.27.5&#8243; _module_preset=&#8221;default&#8221; global_colors_info=&#8221;{}&#8221;][et_pb_column type=&#8221;4_4&#8243; _builder_version=&#8221;4.27.5&#8243; _module_preset=&#8221;default&#8221; global_colors_info=&#8221;{}&#8221;][et_pb_text _builder_version=&#8221;4.27.5&#8243; _dynamic_attributes=&#8221;content&#8221; _module_preset=&#8221;default&#8221; header_font=&#8221;&#8211;et_global_heading_font||||||||&#8221; header_font_size_tablet=&#8221;&#8221; header_font_size_phone=&#8221;30px&#8221; header_font_size_last_edited=&#8221;on|phone&#8221; global_colors_info=&#8221;{}&#8221;]@ET-DC@eyJkeW5hbWljIjp0cnVlLCJjb250ZW50IjoicG9zdF90aXRsZSIsInNldHRpbmdzIjp7ImJlZm9yZSI6IjxoMT4iLCJhZnRlciI6IjwvaDE+In19@[\/et_pb_text][\/et_pb_column][\/et_pb_row][et_pb_row admin_label=&#8221;row&#8221; _builder_version=&#8221;4.16&#8243; background_size=&#8221;initial&#8221; background_position=&#8221;top_left&#8221; background_repeat=&#8221;repeat&#8221; global_colors_info=&#8221;{}&#8221;][et_pb_column type=&#8221;4_4&#8243; _builder_version=&#8221;4.16&#8243; custom_padding=&#8221;|||&#8221; global_colors_info=&#8221;{}&#8221; custom_padding__hover=&#8221;|||&#8221;][et_pb_text admin_label=&#8221;Text&#8221; _builder_version=&#8221;4.27.5&#8243; header_2_font=&#8221;&#8211;et_global_heading_font||||||||&#8221; background_size=&#8221;initial&#8221; background_position=&#8221;top_left&#8221; background_repeat=&#8221;repeat&#8221; header_2_font_size_tablet=&#8221;&#8221; header_2_font_size_phone=&#8221;25px&#8221; header_2_font_size_last_edited=&#8221;on|phone&#8221; global_colors_info=&#8221;{}&#8221;]<\/p>\n<div class=\"et_pb_text_inner\">\n<h2 class=\"wp-block-heading\" id=\"1-1-introducao\">Cookies and other Marketing tools<\/h2>\n<p><strong>As for the type:<\/strong><\/p>\n<p><strong>Essentials<\/strong>\u00a0\u2013 allow navigation on the\u00a0<em>website<\/em>\u00a0and the use of its features. Without these\u00a0<em>cookies<\/em>, requests cannot be processed.<\/p>\n<p><strong>Non-Essential, Functionality or Performance<\/strong>\u00a0\u2013 collect information about how the user uses the\u00a0<em>website<\/em> with a view to improving its functionality. They allow us to determine which areas are of greatest interest to the customer, measuring the effectiveness of promotional campaigns. This allows <span>Business Config<\/span> to understand which products and promotions best suit the customer&#8217;s interests and needs, which it will do through: the preparation of statistics based on the customer&#8217;s non-individualized behavior and the resulting use of the <em>website<\/em>; measuring the effectiveness of advertising campaigns; the consequent introduction of improvements in navigation, etc., with the sole purpose of improving the performance and response effectiveness of the\u00a0<em>website<\/em>. For this reason, the\u00a0<em>cookies<\/em>\u00a0performance information provided by authorized third parties is used only for the purposes indicated herein.<\/p>\n<p><strong>Analytics<\/strong>\u00a0\u2013 used anonymously for statistical purposes and to improve the functioning of the\u00a0<em>website<\/em>, without any collection of personal information. They allow you to highlight items that may be of interest to customers or visitors, monitor the performance of the\u00a0<em>website<\/em>, determine the most effective method of linking pages, or even why some pages are receiving error messages.<\/p>\n<p><strong>Regarding validity:<\/strong><\/p>\n<p><strong>Permanent<\/strong>\u00a0\u2013 stored on the client\u2019s computer or equipment, between sessions\u00a0<em>browser,<\/em>\u00a0for the purpose of maintaining settings or preferences and improving the usability of the\u00a0<em>website<\/em>\u00a0on the next visit. Some of these\u00a0<em>cookies<\/em>\u00a0are provided by authorized third parties, however, with the limitation of the following purposes: presentation of campaigns and products \u2013 considered to be of interest to the customer;\u00a0<em>retargeting<\/em> \u2013 advertising of <span>Business Config<\/span> products in <em>websites<\/em>\u00a0from partners or social networks, without storing personal data or user profiles, thus not presupposing the transmission of any personal data to third parties due to the fact that advertising is completely anonymous.<\/p>\n<p><strong>Session<\/strong>\u00a0\u2013 limited to each session initiated by the user, therefore they expire whenever a session is closed in the\u00a0<em>browser<\/em>. Their purpose may be to indicate products previously placed in the shopping cart, identify problems, and ensure a better browsing experience. Some\u00a0<em>cookies<\/em>\u00a0session can also constitute a guarantee of increased security.<\/p>\n<p>&#8211;\u00a0<em>Cookies<\/em> used by <span>Business Config<\/span><\/p>\n<p>They remain in the internet browser used only for the duration of the session, and are deactivated if a period of approximately 20 seconds of user inactivity is detected. Regardless of the session duration, the user can always deactivate these cookies by managing the respective browser settings.<\/p>\n<p><strong>Google Analytics<\/strong><\/p>\n<p><a href=\"https:\/\/developers.google.com\/analytics\/devguides\/collection\/analyticsjs\/cookie-usage?hl=pt-pt\">https:\/\/developers.google.com\/analytics\/devguides\/collection\/analyticsjs\/cookie-usage?hl=pt-pt<\/a><\/p>\n<figure class=\"wp-block-table\">\n<table class=\"tabelaDados\" style=\"width: 777px;\">\n<tbody>\n<tr>\n<td style=\"width: 61.5625px;\"><strong>Name<\/strong><\/td>\n<td style=\"width: 520.422px;\"><strong>Purpose<\/strong><\/td>\n<td style=\"width: 124.391px;\"><strong>Validity<\/strong><\/td>\n<td style=\"width: 42.625px;\"><strong>Type<\/strong><\/td>\n<\/tr>\n<tr>\n<td style=\"width: 61.5625px;\">_ga<\/td>\n<td style=\"width: 520.422px;\">distinguish users<\/td>\n<td style=\"width: 124.391px;\">determined by the provider<\/td>\n<td style=\"width: 42.625px;\">HTTP<\/td>\n<\/tr>\n<tr>\n<td style=\"width: 61.5625px;\">__utma<\/td>\n<td style=\"width: 520.422px;\">distinguish users and sessions. The cookie is created when the JavaScript library is executed and there is no cookie __utma.<br \/>It is updated each time data is sent to Google Analytics.<\/td>\n<td style=\"width: 124.391px;\">determined by the provider<\/td>\n<td style=\"width: 42.625px;\">HTTP<\/td>\n<\/tr>\n<tr>\n<td style=\"width: 61.5625px;\">__utmb<\/td>\n<td style=\"width: 520.422px;\">determine new sessions\/visits. The cookie is created when the javascript library is executed and there is no cookie __utmb.<br \/>It is updated each time data is sent to Google Analytics.<\/td>\n<td style=\"width: 124.391px;\">determined by the provider<\/td>\n<td style=\"width: 42.625px;\">HTTP<\/td>\n<\/tr>\n<tr>\n<td style=\"width: 61.5625px;\">__utmz<\/td>\n<td style=\"width: 520.422px;\">store the traffic source or campaign through which the user arrived at your site. It&#8217;s created when the JavaScript library runs and updated whenever data is sent to Google Analytics.<br \/>It is updated each time data is sent to Google Analytics.<\/td>\n<td style=\"width: 124.391px;\">determined by the provider<\/td>\n<td style=\"width: 42.625px;\">HTTP<\/td>\n<\/tr>\n<\/tbody>\n<\/table>\n<\/figure>\n<p><strong>Activate and deactivate <em>Cookies<\/em>\u00a0and similar technologies<\/strong><\/p>\n<p>Newsletters and other communications may, for statistical purposes, contain information that allows us to know whether they are opened and to verify clicks through links within them. However, the customer is always granted the option to refuse to receive the newsletter or email communication at any time by using an option specifically provided for this purpose and mentioned therein.<\/p>\n<p>Additionally, in the Help menu of the browser used, the customer can manage the use of\u00a0<em>cookies<\/em> and other similar technologies. As indicated in the message visible on this page, access to the <span>Business Config<\/span> online store requires the use of cookies<em>,<\/em>\u00a0deactivating them may affect navigation on the\u00a0<em>website<\/em>.<\/p>\n<p>If desired and when applicable, the customer may request information regarding the retention periods for information obtained through cookies whose use is the responsibility of <span>Business Config<\/span>.<\/p>\n<p>For more information, we suggest consulting the information available in each of the browsers or consulting articles with specific information on the topic (Ex.\u00a0<a href=\"https:\/\/www.allaboutcookies.org\/\" target=\"_blank\" rel=\"noreferrer noopener\">https:\/\/www.allaboutcookies.org\/<\/a>).<\/p>\n<\/div>\n<p>[\/et_pb_text][\/et_pb_column][\/et_pb_row][\/et_pb_section]<\/p>\n","protected":false},"excerpt":{"rendered":"<p>Cookies and other Marketing tools As for the type: Essentials\u00a0\u2013 allow navigation on the\u00a0website\u00a0and the use of its features. Without these\u00a0cookies, requests cannot be processed. Non-Essential, Functionality or Performance\u00a0\u2013 collect information about how the user uses the\u00a0website with a view to improving its functionality. They allow us to determine which areas are of greatest interest to the customer, measuring the effectiveness of promotional campaigns. This allows Business Config to understand which products and promotions best suit the customer&#8217;s interests and needs, which it will do through: the preparation of statistics based on the customer&#8217;s non-individualized behavior and the resulting use of the website; measuring the effectiveness of advertising campaigns; the consequent introduction of improvements in navigation, etc., with the sole purpose of improving the performance and response effectiveness of the\u00a0website. For this reason, the\u00a0cookies\u00a0performance information provided by authorized third parties is used only for the purposes indicated herein. Analytics\u00a0\u2013 used anonymously for statistical purposes and to improve the functioning of the\u00a0website, without any collection of personal information. They allow you to highlight items that may be of interest to customers or visitors, monitor the performance of the\u00a0website, determine the most effective method of linking pages, or even why some pages [&hellip;]<\/p>\n","protected":false},"author":1,"featured_media":4524,"parent":0,"menu_order":0,"comment_status":"closed","ping_status":"closed","template":"","meta":{"_acf_changed":false,"_et_pb_use_builder":"on","_et_pb_old_content":"<!-- wp:heading --><h2>Quem somos<\/h2><!-- \/wp:heading --><!-- wp:paragraph --><p><strong class=\"privacy-policy-tutorial\">Texto sugerido: <\/strong>O endere\u00e7o do nosso site \u00e9: https:\/\/businessconfig.emdesenvolvimento.com.<\/p><!-- \/wp:paragraph --><!-- wp:heading --><h2>Coment\u00e1rios<\/h2><!-- \/wp:heading --><!-- wp:paragraph --><p><strong class=\"privacy-policy-tutorial\">Texto sugerido: <\/strong>Quando os visitantes deixam coment\u00e1rios no site, s\u00e3o guardados os dados presentes no formul\u00e1rio dos coment\u00e1rios, bem como o endere\u00e7o de IP e o agente do utilizador do navegador, para ajudar com a detec\u00e7\u00e3o de spam.<\/p><!-- \/wp:paragraph --><!-- wp:paragraph --><p>Uma string an\u00f3nima criada a partir do seu endere\u00e7o de email (tamb\u00e9m designada por hash) pode ser enviada para o servi\u00e7o Gravatar para verificar se o est\u00e1 a utilizar. A pol\u00edtica de privacidade do servi\u00e7o Gravatar est\u00e1 dispon\u00edvel aqui: https:\/\/automattic.com\/privacy\/. Depois do seu coment\u00e1rio ser aprovado, a fotografia do ser perfil fica vis\u00edvel para o p\u00fablico no contexto do seu coment\u00e1rio.<\/p><!-- \/wp:paragraph --><!-- wp:heading --><h2>Multim\u00e9dia<\/h2><!-- \/wp:heading --><!-- wp:paragraph --><p><strong class=\"privacy-policy-tutorial\">Texto sugerido: <\/strong>Ao carregar imagens para o site, deve evitar carregar imagens com dados incorporados de geolocaliza\u00e7\u00e3o (EXIF GPS). Os visitantes podem descarregar e extrair os dados de geolocaliza\u00e7\u00e3o das imagens do site.<\/p><!-- \/wp:paragraph --><!-- wp:heading --><h2>Cookies<\/h2><!-- \/wp:heading --><!-- wp:paragraph --><p><strong class=\"privacy-policy-tutorial\">Texto sugerido: <\/strong>Se deixar um coment\u00e1rio no nosso site pode optar por guardar o seu nome, endere\u00e7o de email e site nos cookies. Isto \u00e9 para sua conveni\u00eancia para n\u00e3o ter de preencher novamente os seus dados quando deixar outro coment\u00e1rio. Estes cookies durar\u00e3o um ano.<\/p><!-- \/wp:paragraph --><!-- wp:paragraph --><p>Se visitar a p\u00e1gina de in\u00edcio de sess\u00e3o, ser\u00e1 configurado um cookie tempor\u00e1rio para determinar se o seu navegador aceita cookies. Este cookie n\u00e3o cont\u00e9m dados pessoais e ser\u00e1 eliminado ao fechar o seu navegador.<\/p><!-- \/wp:paragraph --><!-- wp:paragraph --><p>Ao iniciar a sess\u00e3o, ser\u00e3o configurados alguns cookies para guardar a sua informa\u00e7\u00e3o de sess\u00e3o e as suas escolhas de visualiza\u00e7\u00e3o de ecr\u00e3. Os cookies de in\u00edcio de sess\u00e3o duram um ano. Se seleccionar \"Lembrar-me\", a sua sess\u00e3o ir\u00e1 persistir durante duas semanas. Ao terminar a sess\u00e3o, os cookies de inicio de sess\u00e3o ser\u00e3o removidos.<\/p><!-- \/wp:paragraph --><!-- wp:paragraph --><p>Se editar ou publicar um artigo, ser\u00e1 guardado no seu navegador um cookie adicional. Este cookie n\u00e3o inclui dados pessoais apenas indica o ID de conte\u00fado do artigo que acabou de editar. Expira ao fim de 1 dia.<\/p><!-- \/wp:paragraph --><!-- wp:heading --><h2>Conte\u00fado incorporado de outros sites<\/h2><!-- \/wp:heading --><!-- wp:paragraph --><p><strong class=\"privacy-policy-tutorial\">Texto sugerido: <\/strong>Os artigos neste site podem incluir conte\u00fado incorporado (por exemplo: v\u00eddeos, imagens, artigos, etc.). O conte\u00fado incorporado de outros sites comporta-se tal como se o utilizador visitasse esses sites.<\/p><!-- \/wp:paragraph --><!-- wp:paragraph --><p>Este site pode recolher dados sobre si, usar cookies, incorporar rastreio feito por terceiros, monitorizar as suas interac\u00e7\u00f5es com o mesmo, incluindo registar as interac\u00e7\u00f5es com conte\u00fado incorporado se tiver uma conta e estiver com sess\u00e3o iniciada nesse site.<\/p><!-- \/wp:paragraph --><!-- wp:heading --><h2>Com quem s\u00e3o partilhados os seus dados<\/h2><!-- \/wp:heading --><!-- wp:paragraph --><p><strong class=\"privacy-policy-tutorial\">Texto sugerido: <\/strong>Se solicitar uma redefini\u00e7\u00e3o de senha, o seu endere\u00e7o de IP ser\u00e1 inclu\u00eddo no email de redefini\u00e7\u00e3o.<\/p><!-- \/wp:paragraph --><!-- wp:heading --><h2>Por quanto tempo s\u00e3o retidos os seus dados<\/h2><!-- \/wp:heading --><!-- wp:paragraph --><p><strong class=\"privacy-policy-tutorial\">Texto sugerido: <\/strong>Se deixar um coment\u00e1rio, o coment\u00e1rio e os seus metadados s\u00e3o guardados indefinidamente. Isto acontece de modo a ser poss\u00edvel reconhecer e aprovar automaticamente quaisquer coment\u00e1rios seguintes, em vez de os colocar numa fila de modera\u00e7\u00e3o.<\/p><!-- \/wp:paragraph --><!-- wp:paragraph --><p>Para utilizadores que se registem no nosso site (se algum), guardamos a informa\u00e7\u00e3o pessoal fornecida no seu perfil de utilizador. Todos os utilizadores podem ver, editar, ou eliminar a sua informa\u00e7\u00e3o pessoal a qualquer momento (com a excep\u00e7\u00e3o de n\u00e3o poderem alterar o nome de utilizador). Os administradores do site podem tamb\u00e9m ver e editar essa informa\u00e7\u00e3o.<\/p><!-- \/wp:paragraph --><!-- wp:heading --><h2>Que direitos tem sobre os seus dados<\/h2><!-- \/wp:heading --><!-- wp:paragraph --><p><strong class=\"privacy-policy-tutorial\">Texto sugerido: <\/strong>Se tiver uma conta neste site, ou deixou coment\u00e1rios, pode pedir para receber um ficheiro de exporta\u00e7\u00e3o com os dados pessoais guardados sobre si, incluindo qualquer dado pessoal que indicou. Tamb\u00e9m pode solicitar que os dados guardados sejam eliminados. Isto n\u00e3o inclui qualquer dado pessoal que seja obrigat\u00f3rio manter para fins administrativos, legais ou de seguran\u00e7a.<\/p><!-- \/wp:paragraph --><!-- wp:heading --><h2>Para onde os seus dados s\u00e3o enviados<\/h2><!-- \/wp:heading --><!-- wp:paragraph --><p><strong class=\"privacy-policy-tutorial\">Texto sugerido: <\/strong>Os coment\u00e1rios dos visitantes podem ser verificados atrav\u00e9s de um servi\u00e7o autom\u00e1tico de detec\u00e7\u00e3o de spam.<\/p><!-- \/wp:paragraph -->","_et_gb_content_width":"","footnotes":""},"class_list":["post-4334","page","type-page","status-publish","has-post-thumbnail","hentry"],"acf":[],"yoast_head":"<!-- This site is optimized with the Yoast SEO plugin v27.2 - https:\/\/yoast.com\/product\/yoast-seo-wordpress\/ -->\n<title>Cookies policy - business\u2022config | innovation for digital transformation<\/title>\n<meta name=\"description\" content=\"Read the Cookies Policy for Business Config. Learn how we use cookies to improve your user experience and how you can manage your preferences on our site.\" \/>\n<meta name=\"robots\" content=\"index, follow, max-snippet:-1, max-image-preview:large, max-video-preview:-1\" \/>\n<link rel=\"canonical\" href=\"https:\/\/businessconfig.com\/es\/cookies-policy\/\" \/>\n<meta property=\"og:locale\" content=\"es_ES\" \/>\n<meta property=\"og:type\" content=\"article\" \/>\n<meta property=\"og:title\" content=\"Cookies policy - business\u2022config | innovation for digital transformation\" \/>\n<meta property=\"og:description\" content=\"Read the Cookies Policy for Business Config. Learn how we use cookies to improve your user experience and how you can manage your preferences on our site.\" \/>\n<meta property=\"og:url\" content=\"https:\/\/businessconfig.com\/es\/cookies-policy\/\" \/>\n<meta property=\"og:site_name\" content=\"business\u2022config | innovation for digital transformation\" \/>\n<meta property=\"article:publisher\" content=\"https:\/\/www.facebook.com\/businessconfig\" \/>\n<meta property=\"article:modified_time\" content=\"2026-03-19T10:40:45+00:00\" \/>\n<meta name=\"twitter:card\" content=\"summary_large_image\" \/>\n<meta name=\"twitter:site\" content=\"@businessconfig\" \/>\n<meta name=\"twitter:label1\" content=\"Tiempo de lectura\" \/>\n\t<meta name=\"twitter:data1\" content=\"4 minutos\" \/>\n<script type=\"application\/ld+json\" class=\"yoast-schema-graph\">{\"@context\":\"https:\/\/schema.org\",\"@graph\":[{\"@type\":\"WebPage\",\"@id\":\"https:\/\/businessconfig.com\/cookies-policy\/\",\"url\":\"https:\/\/businessconfig.com\/cookies-policy\/\",\"name\":\"Cookies policy - business\u2022config | innovation for digital transformation\",\"isPartOf\":{\"@id\":\"https:\/\/businessconfig.com\/#website\"},\"primaryImageOfPage\":{\"@id\":\"https:\/\/businessconfig.com\/cookies-policy\/#primaryimage\"},\"image\":{\"@id\":\"https:\/\/businessconfig.com\/cookies-policy\/#primaryimage\"},\"thumbnailUrl\":\"https:\/\/businessconfig.com\/wp-content\/uploads\/2026\/02\/bc-logo-2026.svg\",\"datePublished\":\"2026-02-02T23:54:03+00:00\",\"dateModified\":\"2026-03-19T10:40:45+00:00\",\"description\":\"Read the Cookies Policy for Business Config. Learn how we use cookies to improve your user experience and how you can manage your preferences on our site.\",\"breadcrumb\":{\"@id\":\"https:\/\/businessconfig.com\/cookies-policy\/#breadcrumb\"},\"inLanguage\":\"es\",\"potentialAction\":[{\"@type\":\"ReadAction\",\"target\":[\"https:\/\/businessconfig.com\/cookies-policy\/\"]}]},{\"@type\":\"ImageObject\",\"inLanguage\":\"es\",\"@id\":\"https:\/\/businessconfig.com\/cookies-policy\/#primaryimage\",\"url\":\"https:\/\/businessconfig.com\/wp-content\/uploads\/2026\/02\/bc-logo-2026.svg\",\"contentUrl\":\"https:\/\/businessconfig.com\/wp-content\/uploads\/2026\/02\/bc-logo-2026.svg\"},{\"@type\":\"BreadcrumbList\",\"@id\":\"https:\/\/businessconfig.com\/cookies-policy\/#breadcrumb\",\"itemListElement\":[{\"@type\":\"ListItem\",\"position\":1,\"name\":\"Home\",\"item\":\"https:\/\/businessconfig.com\/\"},{\"@type\":\"ListItem\",\"position\":2,\"name\":\"Cookies policy\"}]},{\"@type\":\"WebSite\",\"@id\":\"https:\/\/businessconfig.com\/#website\",\"url\":\"https:\/\/businessconfig.com\/\",\"name\":\"business\u2022config | innovation for digital transformation\",\"description\":\"\",\"publisher\":{\"@id\":\"https:\/\/businessconfig.com\/#organization\"},\"potentialAction\":[{\"@type\":\"SearchAction\",\"target\":{\"@type\":\"EntryPoint\",\"urlTemplate\":\"https:\/\/businessconfig.com\/?s={search_term_string}\"},\"query-input\":{\"@type\":\"PropertyValueSpecification\",\"valueRequired\":true,\"valueName\":\"search_term_string\"}}],\"inLanguage\":\"es\"},{\"@type\":\"Organization\",\"@id\":\"https:\/\/businessconfig.com\/#organization\",\"name\":\"business\u2022config | innovation for digital transformation\",\"alternateName\":\"business\u2022config\",\"url\":\"https:\/\/businessconfig.com\/\",\"logo\":{\"@type\":\"ImageObject\",\"inLanguage\":\"es\",\"@id\":\"https:\/\/businessconfig.com\/#\/schema\/logo\/image\/\",\"url\":\"https:\/\/businessconfig.com\/wp-content\/uploads\/2026\/02\/bc-logo-2026.svg\",\"contentUrl\":\"https:\/\/businessconfig.com\/wp-content\/uploads\/2026\/02\/bc-logo-2026.svg\",\"width\":1,\"height\":1,\"caption\":\"business\u2022config | innovation for digital transformation\"},\"image\":{\"@id\":\"https:\/\/businessconfig.com\/#\/schema\/logo\/image\/\"},\"sameAs\":[\"https:\/\/www.facebook.com\/businessconfig\",\"https:\/\/x.com\/businessconfig\",\"https:\/\/www.instagram.com\/businessconfig\"]}]}<\/script>\n<!-- \/ Yoast SEO plugin. -->","yoast_head_json":{"title":"Pol\u00edtica de cookies - business-config | innovaci\u00f3n para la transformaci\u00f3n digital","description":"Read the Cookies Policy for Business Config. Learn how we use cookies to improve your user experience and how you can manage your preferences on our site.","robots":{"index":"index","follow":"follow","max-snippet":"max-snippet:-1","max-image-preview":"max-image-preview:large","max-video-preview":"max-video-preview:-1"},"canonical":"https:\/\/businessconfig.com\/es\/cookies-policy\/","og_locale":"es_ES","og_type":"article","og_title":"Cookies policy - business\u2022config | innovation for digital transformation","og_description":"Read the Cookies Policy for Business Config. Learn how we use cookies to improve your user experience and how you can manage your preferences on our site.","og_url":"https:\/\/businessconfig.com\/es\/cookies-policy\/","og_site_name":"business\u2022config | innovation for digital transformation","article_publisher":"https:\/\/www.facebook.com\/businessconfig","article_modified_time":"2026-03-19T10:40:45+00:00","twitter_card":"summary_large_image","twitter_site":"@businessconfig","twitter_misc":{"Tiempo de lectura":"4 minutos"},"schema":{"@context":"https:\/\/schema.org","@graph":[{"@type":"WebPage","@id":"https:\/\/businessconfig.com\/cookies-policy\/","url":"https:\/\/businessconfig.com\/cookies-policy\/","name":"Pol\u00edtica de cookies - business-config | innovaci\u00f3n para la transformaci\u00f3n digital","isPartOf":{"@id":"https:\/\/businessconfig.com\/#website"},"primaryImageOfPage":{"@id":"https:\/\/businessconfig.com\/cookies-policy\/#primaryimage"},"image":{"@id":"https:\/\/businessconfig.com\/cookies-policy\/#primaryimage"},"thumbnailUrl":"https:\/\/businessconfig.com\/wp-content\/uploads\/2026\/02\/bc-logo-2026.svg","datePublished":"2026-02-02T23:54:03+00:00","dateModified":"2026-03-19T10:40:45+00:00","description":"Read the Cookies Policy for Business Config. Learn how we use cookies to improve your user experience and how you can manage your preferences on our site.","breadcrumb":{"@id":"https:\/\/businessconfig.com\/cookies-policy\/#breadcrumb"},"inLanguage":"es","potentialAction":[{"@type":"ReadAction","target":["https:\/\/businessconfig.com\/cookies-policy\/"]}]},{"@type":"ImageObject","inLanguage":"es","@id":"https:\/\/businessconfig.com\/cookies-policy\/#primaryimage","url":"https:\/\/businessconfig.com\/wp-content\/uploads\/2026\/02\/bc-logo-2026.svg","contentUrl":"https:\/\/businessconfig.com\/wp-content\/uploads\/2026\/02\/bc-logo-2026.svg"},{"@type":"BreadcrumbList","@id":"https:\/\/businessconfig.com\/cookies-policy\/#breadcrumb","itemListElement":[{"@type":"ListItem","position":1,"name":"Home","item":"https:\/\/businessconfig.com\/"},{"@type":"ListItem","position":2,"name":"Cookies policy"}]},{"@type":"WebSite","@id":"https:\/\/businessconfig.com\/#website","url":"https:\/\/businessconfig.com\/","name":"business-config | innovaci\u00f3n para la transformaci\u00f3n digital","description":"","publisher":{"@id":"https:\/\/businessconfig.com\/#organization"},"potentialAction":[{"@type":"SearchAction","target":{"@type":"EntryPoint","urlTemplate":"https:\/\/businessconfig.com\/?s={search_term_string}"},"query-input":{"@type":"PropertyValueSpecification","valueRequired":true,"valueName":"search_term_string"}}],"inLanguage":"es"},{"@type":"Organization","@id":"https:\/\/businessconfig.com\/#organization","name":"business-config | innovaci\u00f3n para la transformaci\u00f3n digital","alternateName":"business\u2022config","url":"https:\/\/businessconfig.com\/","logo":{"@type":"ImageObject","inLanguage":"es","@id":"https:\/\/businessconfig.com\/#\/schema\/logo\/image\/","url":"https:\/\/businessconfig.com\/wp-content\/uploads\/2026\/02\/bc-logo-2026.svg","contentUrl":"https:\/\/businessconfig.com\/wp-content\/uploads\/2026\/02\/bc-logo-2026.svg","width":1,"height":1,"caption":"business\u2022config | innovation for digital transformation"},"image":{"@id":"https:\/\/businessconfig.com\/#\/schema\/logo\/image\/"},"sameAs":["https:\/\/www.facebook.com\/businessconfig","https:\/\/x.com\/businessconfig","https:\/\/www.instagram.com\/businessconfig"]}]}},"_links":{"self":[{"href":"https:\/\/businessconfig.com\/es\/wp-json\/wp\/v2\/pages\/4334","targetHints":{"allow":["GET"]}}],"collection":[{"href":"https:\/\/businessconfig.com\/es\/wp-json\/wp\/v2\/pages"}],"about":[{"href":"https:\/\/businessconfig.com\/es\/wp-json\/wp\/v2\/types\/page"}],"author":[{"embeddable":true,"href":"https:\/\/businessconfig.com\/es\/wp-json\/wp\/v2\/users\/1"}],"replies":[{"embeddable":true,"href":"https:\/\/businessconfig.com\/es\/wp-json\/wp\/v2\/comments?post=4334"}],"version-history":[{"count":12,"href":"https:\/\/businessconfig.com\/es\/wp-json\/wp\/v2\/pages\/4334\/revisions"}],"predecessor-version":[{"id":5620,"href":"https:\/\/businessconfig.com\/es\/wp-json\/wp\/v2\/pages\/4334\/revisions\/5620"}],"wp:featuredmedia":[{"embeddable":true,"href":"https:\/\/businessconfig.com\/es\/wp-json\/wp\/v2\/media\/4524"}],"wp:attachment":[{"href":"https:\/\/businessconfig.com\/es\/wp-json\/wp\/v2\/media?parent=4334"}],"curies":[{"name":"wp","href":"https:\/\/api.w.org\/{rel}","templated":true}]}}